{"id":2671,"date":"2013-08-15T17:28:35","date_gmt":"2013-08-15T20:28:35","guid":{"rendered":"http:\/\/dev-blogs.gazetaesportiva.com\/michellegiannella\/?page_id=2671"},"modified":"2022-04-29T17:03:22","modified_gmt":"2022-04-29T20:03:22","slug":"michelle-giannella","status":"publish","type":"page","link":"https:\/\/dev-blogs.gazetaesportiva.com\/michellegiannella\/michelle-giannella\/","title":{"rendered":"Michelle Giannella"},"content":{"rendered":"<p><a href=\"http:\/\/dev-blogs.gazetaesportiva.com\/michellegiannella\/files\/2013\/08\/michelle.jpg\"><img decoding=\"async\" class=\"alignleft wp-image-2672\" src=\"http:\/\/dev-blogs.gazetaesportiva.com\/michellegiannella\/files\/2013\/08\/michelle.jpg\" alt=\"michelle\" width=\"300\" \/><\/a><\/p>\n<p>Michelle Giannella \u00e9 jornalista, apresentadora dos programas Gazeta Esportiva, Mesa Redonda, gerente do departamento de Esportes da TV Gazeta e advogada.<\/p>\n<p><strong>Hist\u00f3ria<\/strong><\/p>\n<p>Formada modelo e manequim pelo SENAC, Michelle Giannella abandonou as passarelas para se formar em jornalismo pela Faculdade C\u00e1sper Libero. Al\u00e9m de apresentar o programa \u201cGazeta Esportiva\u201d desde 29 de dezembro de 2000, faz parte do grupo de jornalistas do programa \u201cMesa Redonda\u201d.<\/p>\n<p>Ao lado de Fl\u00e1vio Prado, \u00e9 a apresentadora do Trof\u00e9u Mesa Redonda, o \u201cOscar\u201d do esporte que premia os melhores do Campeonato Brasileiro e os destaques do mundo do esporte.<\/p>\n<p>Michelle j\u00e1 passou por outras reda\u00e7\u00f5es. Na Rede Gazeta, antes de ir para a Editoria de Esportes, foi produtora e rep\u00f3rter do programa \u201cMulheres\u201d. Na Internet, foi editora do site Virgulando, do portal Virgula, onde coordenou a \u00e1rea de cultura e entretenimento. Tamb\u00e9m foi editora-chefe do site Estrelando, hospedado no R-7. Em jornal impresso, foi rep\u00f3rter de A Gazeta Esportiva. Em r\u00e1dio, trabalhou na Jovem Pan FM como produtora do programa \u201cFala S\u00e9rio\u201d.<\/p>\n<p>Em 2012 formou-se em Direito pela Universidade S\u00e3o Judas Tadeu e tirou sua carteira de advogada pela OAB. \u00c9 gerente de esportes e respons\u00e1vel pelos programas Gazeta Esportiva, Mesa Redonda, Papo de Campe\u00f5es da TV Gazeta .<\/p>\n<p><a href=\"https:\/\/twitter.com\/michellegianela\" target=\"_blank\" rel=\"noopener noreferrer\"> @<\/a>michellegianela<\/p>\n","protected":false},"excerpt":{"rendered":"<p>Michelle Giannella \u00e9 jornalista, apresentadora dos programas Gazeta Esportiva, Mesa Redonda, gerente do departamento de Esportes da TV Gazeta e advogada. Hist\u00f3ria Formada modelo e <a class=\"read-more\" href=\"https:\/\/dev-blogs.gazetaesportiva.com\/michellegiannella\/michelle-giannella\/\">leia mais<\/a><\/p>\n","protected":false},"author":3,"featured_media":2672,"parent":0,"menu_order":0,"comment_status":"open","ping_status":"closed","template":"","meta":{"jetpack_post_was_ever_published":false,"footnotes":""},"class_list":["post-2671","page","type-page","status-publish","has-post-thumbnail","hentry"],"jetpack_sharing_enabled":true,"jetpack_shortlink":"https:\/\/wp.me\/P6rrMZ-H5","_links":{"self":[{"href":"https:\/\/dev-blogs.gazetaesportiva.com\/michellegiannella\/wp-json\/wp\/v2\/pages\/2671","targetHints":{"allow":["GET"]}}],"collection":[{"href":"https:\/\/dev-blogs.gazetaesportiva.com\/michellegiannella\/wp-json\/wp\/v2\/pages"}],"about":[{"href":"https:\/\/dev-blogs.gazetaesportiva.com\/michellegiannella\/wp-json\/wp\/v2\/types\/page"}],"author":[{"embeddable":true,"href":"https:\/\/dev-blogs.gazetaesportiva.com\/michellegiannella\/wp-json\/wp\/v2\/users\/3"}],"replies":[{"embeddable":true,"href":"https:\/\/dev-blogs.gazetaesportiva.com\/michellegiannella\/wp-json\/wp\/v2\/comments?post=2671"}],"version-history":[{"count":0,"href":"https:\/\/dev-blogs.gazetaesportiva.com\/michellegiannella\/wp-json\/wp\/v2\/pages\/2671\/revisions"}],"wp:featuredmedia":[{"embeddable":true,"href":"https:\/\/dev-blogs.gazetaesportiva.com\/michellegiannella\/wp-json\/wp\/v2\/media\/2672"}],"wp:attachment":[{"href":"https:\/\/dev-blogs.gazetaesportiva.com\/michellegiannella\/wp-json\/wp\/v2\/media?parent=2671"}],"curies":[{"name":"wp","href":"https:\/\/api.w.org\/{rel}","templated":true}]}}